{"id":651,"date":"2022-11-08T12:58:32","date_gmt":"2022-11-08T12:58:32","guid":{"rendered":"https:\/\/romeomoreno.com.ar\/?page_id=651"},"modified":"2022-11-08T18:31:04","modified_gmt":"2022-11-08T18:31:04","slug":"presentacion","status":"publish","type":"page","link":"https:\/\/romeomoreno.com.ar\/?page_id=651","title":{"rendered":"Presentaci\u00f3n"},"content":{"rendered":"<blockquote>\n<p style=\"text-align: center;\"><em>\u25ac\u25ac\u25ac\u25ac\u25ac\u25ac\u25ac\u25ac\u25ac\u25ac\u25ac\u0b9c\u06e9\u06de\u06e9\u0b9c\u25ac\u25ac\u25ac\u25ac\u25ac\u25ac\u25ac\u25ac\u25ac\u25ac\u25ac\u25ac<\/em><br \/>\n<em>\u00abQue mis palabras lleguen donde mis caricias encuentran su limite..<\/em><br \/>\n<em>Que mis pensamientos descubran en el recuerdo la fortaleza suficiente para vencer al olvido&#8230;.\u00bb<\/em><br \/>\n<strong><em>Romeo Moreno<\/em><\/strong><br \/>\n<em>\u25ac\u25ac\u25ac\u25ac\u25ac\u25ac\u25ac\u25ac\u25ac\u25ac\u25ac\u0b9c\u06e9\u06de\u06e9\u0b9c\u25ac\u25ac\u25ac\u25ac\u25ac\u25ac\u25ac\u25ac\u25ac\u25ac\u25ac\u25ac<\/em><\/p>\n<\/blockquote>\n<style>\/*! elementor - v3.8.0 - 30-10-2022 *\/<br \/>.elementor-widget-image{text-align:center}.elementor-widget-image a{display:inline-block}.elementor-widget-image a img[src$=\".svg\"]{width:48px}.elementor-widget-image img{vertical-align:middle;display:inline-block}<\/style>\n<p><img fetchpriority=\"high\" decoding=\"async\" class=\"aligncenter\" src=\"http:\/\/romeomoreno.com.ar\/wp-content\/uploads\/2022\/11\/145751897_10225675189483980_471566523247978095_n.jpg\" sizes=\"(max-width: 420px) 100vw, 420px\" srcset=\"https:\/\/romeomoreno.com.ar\/wp-content\/uploads\/2022\/11\/145751897_10225675189483980_471566523247978095_n.jpg 420w, https:\/\/romeomoreno.com.ar\/wp-content\/uploads\/2022\/11\/145751897_10225675189483980_471566523247978095_n-250x300.jpg 250w\" alt=\"\" width=\"420\" height=\"503\" \/><\/p>\n<p style=\"text-align: center;\">Nacido el 4 de marzo de 1985 en Venado Tuerto. Mi infancia transcurri\u00f3 en\u00a0 Wheelwright, ambos lugares pertenecientes a la provincia de Santa Fe.<br \/>\nActualmente resido en la ciudad de C\u00f3rdoba.<br \/>\nEnamorado de la escritura y de la programaci\u00f3n desde ni\u00f1o encuentra en ello la expresi\u00f3n del alma y los latidos de su propio coraz\u00f3n.<\/p>\n<p>&nbsp;<\/p>\n<p>&nbsp;<\/p>\n<p style=\"text-align: center;\"><strong>1)<\/strong> Publicaci\u00f3n en antolog\u00eda Nueva Literatura Argentina 2020,<\/p>\n<p style=\"text-align: center;\">Publicada por Editorial De Los Cuatro Vientos<\/p>\n<p style=\"text-align: center;\"><strong>3)<\/strong>Publicaci\u00f3n en antolog\u00eda\u201cHuellas Contempor\u00e1neas\u201d\u00a0\u201cPor Amor al Arte IV\u201d<\/p>\n<p style=\"text-align: center;\">Publicada por Centro de Escritores Nacionales, octubre de 2013<\/p>\n<p style=\"text-align: center;\"><strong>4)<\/strong> Finalista en el Certamen Literario Internacional \u201cEscritura<br \/>\nCompartida 2012\u201d. Publicando en la antolog\u00eda<br \/>\n\u201cEscritura Compartida 2012\u201d. Presentaci\u00f3n de dicha antolog\u00eda<br \/>\ndiciembre 2012.<\/p>\n<p style=\"text-align: center;\"><strong>5)<\/strong> Finalista en el Certamen Literario Internacional \u201cHuellas del<br \/>\nBicentenario\u201d. Logrando publicar en la antolog\u00eda \u201cHuellas del<br \/>\nBicentenario\u201d. mayo 2011.<\/p>\n<p style=\"text-align: center;\"><strong>6)<\/strong> Publicaci\u00f3n del libro personal \u201cMis sue\u00f1os me delatan, mi<br \/>\ncoraz\u00f3n escribe\u201d<br \/>\nEditado por la editorial Novelarte. Con derechos de autor\u00eda<br \/>\nreservados. Septiembre 2011<\/p>\n<p style=\"text-align: center;\"><strong>7)<\/strong> Finalista en el Certamen Literario Internacional \u201cBicentenario<br \/>\nde Poes\u00eda y Narrativa\u201d. Publicando en la antolog\u00eda<br \/>\n\u201cBicentenario de Poes\u00eda y Narrativa\u201d. septiembre 2010.<\/p>\n<p style=\"text-align: center;\"><strong>8)<\/strong> Premiado por el Gobierno de la Provincia de C\u00f3rdoba<br \/>\nMinisterio de Educaci\u00f3n como \u201cDistinguidos 2003\u201d.<\/p>\n<p style=\"text-align: center;\"><strong>9)<\/strong> Primer premio Concurso Literario :\u201c Proyecto Rescatando<br \/>\nC\u00f3rdoba, su gente sus Textos, sus Valores, sus Desaf\u00edos\u201d a nivel<br \/>\nProvincial organizado por el Ministerio de Educaci\u00f3n, Fiat, La<br \/>\nvoz del Interior, Septiembre de 2003<\/p>\n","protected":false},"excerpt":{"rendered":"<p>\u25ac\u25ac\u25ac\u25ac\u25ac\u25ac\u25ac\u25ac\u25ac\u25ac\u25ac\u0b9c\u06e9\u06de\u06e9\u0b9c\u25ac\u25ac\u25ac\u25ac\u25ac\u25ac\u25ac\u25ac\u25ac\u25ac\u25ac\u25ac \u00abQue mis palabras lleguen donde mis caricias encuentran su limite.. Que mis pensamientos descubran en el recuerdo la fortaleza suficiente para<\/p>\n<p class=\"link-more\"><a class=\"myButt \" href=\"https:\/\/romeomoreno.com.ar\/?page_id=651\">Read More<\/a><\/p>\n","protected":false},"author":1,"featured_media":0,"parent":0,"menu_order":0,"comment_status":"closed","ping_status":"closed","template":"","meta":{"om_disable_all_campaigns":false,"_monsterinsights_skip_tracking":false,"_monsterinsights_sitenote_active":false,"_monsterinsights_sitenote_note":"","_monsterinsights_sitenote_category":0,"footnotes":""},"class_list":["post-651","page","type-page","status-publish","hentry"],"aioseo_notices":[],"_links":{"self":[{"href":"https:\/\/romeomoreno.com.ar\/index.php?rest_route=\/wp\/v2\/pages\/651"}],"collection":[{"href":"https:\/\/romeomoreno.com.ar\/index.php?rest_route=\/wp\/v2\/pages"}],"about":[{"href":"https:\/\/romeomoreno.com.ar\/index.php?rest_route=\/wp\/v2\/types\/page"}],"author":[{"embeddable":true,"href":"https:\/\/romeomoreno.com.ar\/index.php?rest_route=\/wp\/v2\/users\/1"}],"replies":[{"embeddable":true,"href":"https:\/\/romeomoreno.com.ar\/index.php?rest_route=%2Fwp%2Fv2%2Fcomments&post=651"}],"version-history":[{"count":56,"href":"https:\/\/romeomoreno.com.ar\/index.php?rest_route=\/wp\/v2\/pages\/651\/revisions"}],"predecessor-version":[{"id":873,"href":"https:\/\/romeomoreno.com.ar\/index.php?rest_route=\/wp\/v2\/pages\/651\/revisions\/873"}],"wp:attachment":[{"href":"https:\/\/romeomoreno.com.ar\/index.php?rest_route=%2Fwp%2Fv2%2Fmedia&parent=651"}],"curies":[{"name":"wp","href":"https:\/\/api.w.org\/{rel}","templated":true}]}}